{"id":1119,"date":"2024-03-27T11:09:50","date_gmt":"2024-03-27T10:09:50","guid":{"rendered":"https:\/\/learnerproject.org\/comite-cientifico-internacional\/"},"modified":"2024-04-22T16:49:49","modified_gmt":"2024-04-22T14:49:49","slug":"comite-cientifico-internacional","status":"publish","type":"page","link":"https:\/\/learnerproject.org\/es\/comite-cientifico-internacional\/","title":{"rendered":"Comit\u00e9 Cient\u00edfico Internacional"},"content":{"rendered":"\t\t<div data-elementor-type=\"wp-page\" data-elementor-id=\"1119\" class=\"elementor elementor-1119 elementor-792\" data-elementor-post-type=\"page\">\n\t\t\t\t<div class=\"elementor-element elementor-element-20174e8 e-con-full e-flex e-con e-parent\" data-id=\"20174e8\" data-element_type=\"container\" data-e-type=\"container\" data-settings=\"{&quot;background_background&quot;:&quot;classic&quot;}\">\n\t\t\t\t<div class=\"elementor-element elementor-element-967941b elementor-absolute elementor-widget elementor-widget-image\" data-id=\"967941b\" data-element_type=\"widget\" data-e-type=\"widget\" data-settings=\"{&quot;_position&quot;:&quot;absolute&quot;}\" data-widget_type=\"image.default\">\n\t\t\t\t<div class=\"elementor-widget-container\">\n\t\t\t\t\t\t\t\t\t\t\t\t\t\t\t<img decoding=\"async\" src=\"https:\/\/learnerproject.org\/wp-content\/uploads\/2024\/02\/lineas-fondo.svg\" class=\"attachment-full size-full wp-image-1028\" alt=\"\" \/>\t\t\t\t\t\t\t\t\t\t\t\t\t\t\t<\/div>\n\t\t\t\t<\/div>\n\t\t<div class=\"elementor-element elementor-element-475bcfe e-con-full e-flex e-con e-child\" data-id=\"475bcfe\" data-element_type=\"container\" data-e-type=\"container\" data-settings=\"{&quot;background_background&quot;:&quot;classic&quot;}\">\n\t\t\t\t<div class=\"elementor-element elementor-element-3f2f69d elementor-widget__width-initial elementor-widget elementor-widget-heading\" data-id=\"3f2f69d\" data-element_type=\"widget\" data-e-type=\"widget\" data-widget_type=\"heading.default\">\n\t\t\t\t<div class=\"elementor-widget-container\">\n\t\t\t\t\t<h1 class=\"elementor-heading-title elementor-size-default\">Comit\u00e9 Cient\u00edfico Internacional<\/h1>\t\t\t\t<\/div>\n\t\t\t\t<\/div>\n\t\t\t\t<\/div>\n\t\t\t\t<\/div>\n\t\t<div class=\"elementor-element elementor-element-a64f450 e-flex e-con-boxed e-con e-parent\" data-id=\"a64f450\" data-element_type=\"container\" data-e-type=\"container\" data-settings=\"{&quot;background_background&quot;:&quot;classic&quot;}\">\n\t\t\t\t\t<div class=\"e-con-inner\">\n\t\t\t\t<div class=\"elementor-element elementor-element-39053ea elementor-widget elementor-widget-text-editor\" data-id=\"39053ea\" data-element_type=\"widget\" data-e-type=\"widget\" data-widget_type=\"text-editor.default\">\n\t\t\t\t<div class=\"elementor-widget-container\">\n\t\t\t\t\t\t\t\t\t<p>LEARNER cuenta con el soporte de un prestigioso Comit\u00e9 Cient\u00edfico Internacional compuesto por los siguientes miembros:<\/p>\n\t\t\t\t\t\t\t\t<\/div>\n\t\t\t\t<\/div>\n\t\t\t\t\t<\/div>\n\t\t\t\t<\/div>\n\t\t<div class=\"elementor-element elementor-element-0411a96 e-flex e-con-boxed e-con e-parent\" data-id=\"0411a96\" data-element_type=\"container\" data-e-type=\"container\">\n\t\t\t\t\t<div class=\"e-con-inner\">\n\t\t\t\t<div class=\"elementor-element elementor-element-9e87ce6 elementor-widget elementor-widget-heading\" data-id=\"9e87ce6\" data-element_type=\"widget\" data-e-type=\"widget\" data-widget_type=\"heading.default\">\n\t\t\t\t<div class=\"elementor-widget-container\">\n\t\t\t\t\t<h4 class=\"elementor-heading-title elementor-size-default\">Miembros del Comit\u00e9 Cient\u00edfico Internacional<\/h4>\t\t\t\t<\/div>\n\t\t\t\t<\/div>\n\t\t\t\t<div class=\"elementor-element elementor-element-2093edb elementor-widget elementor-widget-spacer\" data-id=\"2093edb\" data-element_type=\"widget\" data-e-type=\"widget\" data-widget_type=\"spacer.default\">\n\t\t\t\t<div class=\"elementor-widget-container\">\n\t\t\t\t\t\t\t<div class=\"elementor-spacer\">\n\t\t\t<div class=\"elementor-spacer-inner\"><\/div>\n\t\t<\/div>\n\t\t\t\t\t\t<\/div>\n\t\t\t\t<\/div>\n\t\t\t\t<div class=\"elementor-element elementor-element-af9ea87 elementor-widget elementor-widget-text-editor\" data-id=\"af9ea87\" data-element_type=\"widget\" data-e-type=\"widget\" data-widget_type=\"text-editor.default\">\n\t\t\t\t<div class=\"elementor-widget-container\">\n\t\t\t\t\t\t\t\t\t<div style=\"overflow-x: auto;\">\n<table>\n<tbody>\n<tr>\n<td width=\"107\"><strong>Miembros<\/strong><\/td>\n<td width=\"391\"><strong>Categor\u00eda acad\u00e9mica y universidad<\/strong><\/td>\n<td width=\"114\"><strong>\u00c1rea de especialidad<\/strong><\/td>\n<\/tr>\n<tr>\n<td width=\"107\"><strong>Encarnaci\u00f3n Rodr\u00edguez<\/strong><\/td>\n<td width=\"391\">Profesora y jefa del Departamento de Liderazgo Educativo, Universidad de Saint Joseph, <a href=\"https:\/\/directory.sju.edu\/maps-directions\" target=\"_blank\" rel=\"noopener\">Filadelfia<\/a> (EE. UU.).<\/td>\n<td rowspan=\"2\" width=\"114\">Pol\u00edticas e implementaci\u00f3n curricular<\/td>\n<\/tr>\n<tr>\n<td width=\"107\"><strong>Mattias Nylund<\/strong><\/td>\n<td width=\"391\">Docente Senior del Departamento de Educaci\u00f3n y Educaci\u00f3n Especial, <a href=\"https:\/\/www.gu.se\/en\" target=\"_blank\" rel=\"noopener\">Universidad de Gotemburgo (Suecia).<\/a><\/td>\n<\/tr>\n<tr>\n<td width=\"107\"><strong>Ola Erstad<\/strong><\/td>\n<td width=\"391\">Profesor de Educaci\u00f3n en la Facultad de Ciencias de la Educaci\u00f3n, Universidad de Oslo (Noruega).<\/td>\n<td rowspan=\"2\" width=\"114\">Trayectorias de aprendizaje<\/td>\n<\/tr>\n<tr>\n<td width=\"107\"><strong>Kristiina Kumpulainen<\/strong><\/td>\n<td width=\"391\">Profesora de Educaci\u00f3n en la Facultad de Ciencias de la Educaci\u00f3n, Universidad de Helsinki (Finlandia).<\/td>\n<\/tr>\n<tr>\n<td width=\"107\"><strong>Louise Archer<\/strong><\/td>\n<td width=\"391\">Profesora Karl Mannheim de Sociolog\u00eda de la Educaci\u00f3n en la University College London, Instituto de Educaci\u00f3n (Reino Unido).<\/td>\n<td rowspan=\"2\" width=\"114\">Identidades de estudiantes<\/td>\n<\/tr>\n<tr>\n<td width=\"107\"><strong>Stanton Wortham<\/strong><\/td>\n<td width=\"391\">Profesor en la Escuela de Educaci\u00f3n Lynch de la Universidad de Boston, Boston (EE. UU.).<\/td>\n<\/tr>\n<\/tbody>\n<\/table>\n<\/div>\n\t\t\t\t\t\t\t\t<\/div>\n\t\t\t\t<\/div>\n\t\t\t\t\t<\/div>\n\t\t\t\t<\/div>\n\t\t\t\t<\/div>\n\t\t","protected":false},"excerpt":{"rendered":"<p>LEARNER cuenta con el soporte de un prestigioso Comit\u00e9 Cient\u00edfico Internacional compuesto por los siguientes miembros: Miembros del Comit\u00e9 Cient\u00edfico Internacional Miembros Categor\u00eda acad\u00e9mica y universidad \u00c1rea de especialidad Encarnaci\u00f3n Rodr\u00edguez Profesora y jefa del Departamento de Liderazgo Educativo, Universidad de Saint Joseph, Filadelfia (EE. UU.). Pol\u00edticas e implementaci\u00f3n curricular Mattias Nylund Docente Senior del [&hellip;]<\/p>\n","protected":false},"author":1,"featured_media":0,"parent":0,"menu_order":0,"comment_status":"closed","ping_status":"closed","template":"","meta":{"footnotes":""},"class_list":["post-1119","page","type-page","status-publish","hentry"],"_links":{"self":[{"href":"https:\/\/learnerproject.org\/es\/wp-json\/wp\/v2\/pages\/1119","targetHints":{"allow":["GET"]}}],"collection":[{"href":"https:\/\/learnerproject.org\/es\/wp-json\/wp\/v2\/pages"}],"about":[{"href":"https:\/\/learnerproject.org\/es\/wp-json\/wp\/v2\/types\/page"}],"author":[{"embeddable":true,"href":"https:\/\/learnerproject.org\/es\/wp-json\/wp\/v2\/users\/1"}],"replies":[{"embeddable":true,"href":"https:\/\/learnerproject.org\/es\/wp-json\/wp\/v2\/comments?post=1119"}],"version-history":[{"count":3,"href":"https:\/\/learnerproject.org\/es\/wp-json\/wp\/v2\/pages\/1119\/revisions"}],"predecessor-version":[{"id":1211,"href":"https:\/\/learnerproject.org\/es\/wp-json\/wp\/v2\/pages\/1119\/revisions\/1211"}],"wp:attachment":[{"href":"https:\/\/learnerproject.org\/es\/wp-json\/wp\/v2\/media?parent=1119"}],"curies":[{"name":"wp","href":"https:\/\/api.w.org\/{rel}","templated":true}]}}