{"id":1244,"date":"2024-03-27T11:09:50","date_gmt":"2024-03-27T10:09:50","guid":{"rendered":"https:\/\/learnerproject.org\/comite-cientific-internacional\/"},"modified":"2024-04-29T11:11:12","modified_gmt":"2024-04-29T09:11:12","slug":"comite-cientific-internacional","status":"publish","type":"page","link":"https:\/\/learnerproject.org\/ca\/comite-cientific-internacional\/","title":{"rendered":"Comit\u00e8 Cient\u00edfic Internacional"},"content":{"rendered":"\t\t<div data-elementor-type=\"wp-page\" data-elementor-id=\"1244\" class=\"elementor elementor-1244 elementor-792\" data-elementor-post-type=\"page\">\n\t\t\t\t<div class=\"elementor-element elementor-element-20174e8 e-con-full e-flex e-con e-parent\" data-id=\"20174e8\" data-element_type=\"container\" data-e-type=\"container\" data-settings=\"{&quot;background_background&quot;:&quot;classic&quot;}\">\n\t\t\t\t<div class=\"elementor-element elementor-element-967941b elementor-absolute elementor-widget elementor-widget-image\" data-id=\"967941b\" data-element_type=\"widget\" data-e-type=\"widget\" data-settings=\"{&quot;_position&quot;:&quot;absolute&quot;}\" data-widget_type=\"image.default\">\n\t\t\t\t<div class=\"elementor-widget-container\">\n\t\t\t\t\t\t\t\t\t\t\t\t\t\t\t<img decoding=\"async\" src=\"https:\/\/learnerproject.org\/wp-content\/uploads\/2024\/02\/lineas-fondo.svg\" class=\"attachment-full size-full wp-image-1230\" alt=\"\" \/>\t\t\t\t\t\t\t\t\t\t\t\t\t\t\t<\/div>\n\t\t\t\t<\/div>\n\t\t<div class=\"elementor-element elementor-element-475bcfe e-con-full e-flex e-con e-child\" data-id=\"475bcfe\" data-element_type=\"container\" data-e-type=\"container\" data-settings=\"{&quot;background_background&quot;:&quot;classic&quot;}\">\n\t\t\t\t<div class=\"elementor-element elementor-element-3f2f69d elementor-widget__width-initial elementor-widget elementor-widget-heading\" data-id=\"3f2f69d\" data-element_type=\"widget\" data-e-type=\"widget\" data-widget_type=\"heading.default\">\n\t\t\t\t<div class=\"elementor-widget-container\">\n\t\t\t\t\t<h1 class=\"elementor-heading-title elementor-size-default\">Comit\u00e8 Cient\u00edfic Internacional<\/h1>\t\t\t\t<\/div>\n\t\t\t\t<\/div>\n\t\t\t\t<\/div>\n\t\t\t\t<\/div>\n\t\t<div class=\"elementor-element elementor-element-a64f450 e-flex e-con-boxed e-con e-parent\" data-id=\"a64f450\" data-element_type=\"container\" data-e-type=\"container\" data-settings=\"{&quot;background_background&quot;:&quot;classic&quot;}\">\n\t\t\t\t\t<div class=\"e-con-inner\">\n\t\t\t\t<div class=\"elementor-element elementor-element-39053ea elementor-widget elementor-widget-text-editor\" data-id=\"39053ea\" data-element_type=\"widget\" data-e-type=\"widget\" data-widget_type=\"text-editor.default\">\n\t\t\t\t<div class=\"elementor-widget-container\">\n\t\t\t\t\t\t\t\t\t<p>LEARNER compta amb el suport d&#8217;un prestigi\u00f3s Comit\u00e8 Cient\u00edfic Internacional compost pels membres seg\u00fcents:<\/p>\n\t\t\t\t\t\t\t\t<\/div>\n\t\t\t\t<\/div>\n\t\t\t\t\t<\/div>\n\t\t\t\t<\/div>\n\t\t<div class=\"elementor-element elementor-element-0411a96 e-flex e-con-boxed e-con e-parent\" data-id=\"0411a96\" data-element_type=\"container\" data-e-type=\"container\">\n\t\t\t\t\t<div class=\"e-con-inner\">\n\t\t\t\t<div class=\"elementor-element elementor-element-9e87ce6 elementor-widget elementor-widget-heading\" data-id=\"9e87ce6\" data-element_type=\"widget\" data-e-type=\"widget\" data-widget_type=\"heading.default\">\n\t\t\t\t<div class=\"elementor-widget-container\">\n\t\t\t\t\t<h4 class=\"elementor-heading-title elementor-size-default\">Membres del Comit\u00e8 Cient\u00edfic Internacional<\/h4>\t\t\t\t<\/div>\n\t\t\t\t<\/div>\n\t\t\t\t<div class=\"elementor-element elementor-element-2093edb elementor-widget elementor-widget-spacer\" data-id=\"2093edb\" data-element_type=\"widget\" data-e-type=\"widget\" data-widget_type=\"spacer.default\">\n\t\t\t\t<div class=\"elementor-widget-container\">\n\t\t\t\t\t\t\t<div class=\"elementor-spacer\">\n\t\t\t<div class=\"elementor-spacer-inner\"><\/div>\n\t\t<\/div>\n\t\t\t\t\t\t<\/div>\n\t\t\t\t<\/div>\n\t\t\t\t<div class=\"elementor-element elementor-element-af9ea87 elementor-widget elementor-widget-text-editor\" data-id=\"af9ea87\" data-element_type=\"widget\" data-e-type=\"widget\" data-widget_type=\"text-editor.default\">\n\t\t\t\t<div class=\"elementor-widget-container\">\n\t\t\t\t\t\t\t\t\t<div style=\"overflow-x: auto;\">\n<table>\n<tbody>\n<tr>\n<td width=\"107\"><strong>Membres<\/strong><\/td>\n<td width=\"391\"><strong>Categoria acad\u00e8mica i universitat <\/strong><\/td>\n<td width=\"114\"><strong>\u00c0rea d&#8217;especialitat<\/strong><\/td>\n<\/tr>\n<tr>\n<td width=\"107\"><strong>Encarnaci\u00f3n Rodr\u00edguez<\/strong><\/td>\n<td width=\"391\">Professora i cap del Departament de Lideratge Educatiu, Universitat de Saint Joseph, <a href=\"https:\/\/directory.sju.edu\/maps-directions\" target=\"_blank\" rel=\"noopener\">Filad\u00e8lfia<\/a> (EUA).<\/td>\n<td rowspan=\"2\" width=\"114\">Pol\u00edtiques i implementaci\u00f3 curricular<\/td>\n<\/tr>\n<tr>\n<td width=\"107\"><strong>Mattias Nylund<\/strong><\/td>\n<td width=\"391\">Docent Senior del Departament d&#8217;Educaci\u00f3 i Educaci\u00f3 Especial, <a href=\"https:\/\/www.gu.se\/en\" target=\"_blank\" rel=\"noopener\">Universitat de G\u00f6teborg (Su\u00e8cia)<\/a>.<\/td>\n<\/tr>\n<tr>\n<td width=\"107\"><strong>Ola Erstad<\/strong><\/td>\n<td width=\"391\">Professor d&#8217;Educaci\u00f3 a la Facultat de Ci\u00e8ncies de l&#8217;Educaci\u00f3, Universitat d&#8217;Oslo (Noruega).<\/td>\n<td rowspan=\"2\" width=\"114\">Traject\u00f2ries d\u2019aprenentatge<\/td>\n<\/tr>\n<tr>\n<td width=\"107\"><strong>Kristiina Kumpulainen<\/strong><\/td>\n<td width=\"391\">Professora d&#8217;Educaci\u00f3 a la Facultat de Ci\u00e8ncies de l&#8217;Educaci\u00f3, Universitat d&#8217;H\u00e8lsinki (Finl\u00e0ndia).<\/td>\n<\/tr>\n<tr>\n<td width=\"107\"><strong>Louise Archer<\/strong><\/td>\n<td width=\"391\">Professora Karl Mannheim de Sociologia de l&#8217;Educaci\u00f3 a la University College London, Institut of Education (Regne Unit).<\/td>\n<td rowspan=\"2\" width=\"114\">Identitats dels i les estudiants<\/td>\n<\/tr>\n<tr>\n<td width=\"107\"><strong>Stanton Wortham<\/strong><\/td>\n<td width=\"391\">Professor a la Lynch School of Education and Human Development de la Universitat de Boston, Boston (EUA).<\/td>\n<\/tr>\n<\/tbody>\n<\/table>\n<\/div>\n\t\t\t\t\t\t\t\t<\/div>\n\t\t\t\t<\/div>\n\t\t\t\t\t<\/div>\n\t\t\t\t<\/div>\n\t\t\t\t<\/div>\n\t\t","protected":false},"excerpt":{"rendered":"<p>LEARNER compta amb el suport d&#8217;un prestigi\u00f3s Comit\u00e8 Cient\u00edfic Internacional compost pels membres seg\u00fcents: Membres del Comit\u00e8 Cient\u00edfic Internacional Membres Categoria acad\u00e8mica i universitat \u00c0rea d&#8217;especialitat Encarnaci\u00f3n Rodr\u00edguez Professora i cap del Departament de Lideratge Educatiu, Universitat de Saint Joseph, Filad\u00e8lfia (EUA). Pol\u00edtiques i implementaci\u00f3 curricular Mattias Nylund Docent Senior del Departament d&#8217;Educaci\u00f3 i Educaci\u00f3 [&hellip;]<\/p>\n","protected":false},"author":1,"featured_media":0,"parent":0,"menu_order":0,"comment_status":"closed","ping_status":"closed","template":"","meta":{"footnotes":""},"class_list":["post-1244","page","type-page","status-publish","hentry"],"_links":{"self":[{"href":"https:\/\/learnerproject.org\/ca\/wp-json\/wp\/v2\/pages\/1244","targetHints":{"allow":["GET"]}}],"collection":[{"href":"https:\/\/learnerproject.org\/ca\/wp-json\/wp\/v2\/pages"}],"about":[{"href":"https:\/\/learnerproject.org\/ca\/wp-json\/wp\/v2\/types\/page"}],"author":[{"embeddable":true,"href":"https:\/\/learnerproject.org\/ca\/wp-json\/wp\/v2\/users\/1"}],"replies":[{"embeddable":true,"href":"https:\/\/learnerproject.org\/ca\/wp-json\/wp\/v2\/comments?post=1244"}],"version-history":[{"count":1,"href":"https:\/\/learnerproject.org\/ca\/wp-json\/wp\/v2\/pages\/1244\/revisions"}],"predecessor-version":[{"id":1245,"href":"https:\/\/learnerproject.org\/ca\/wp-json\/wp\/v2\/pages\/1244\/revisions\/1245"}],"wp:attachment":[{"href":"https:\/\/learnerproject.org\/ca\/wp-json\/wp\/v2\/media?parent=1244"}],"curies":[{"name":"wp","href":"https:\/\/api.w.org\/{rel}","templated":true}]}}